{"id":26,"date":"2017-03-24T01:18:36","date_gmt":"2017-03-24T01:18:36","guid":{"rendered":"http:\/\/monteur-ferienwohnung-recklinghausen.de\/?page_id=26"},"modified":"2024-07-14T18:11:53","modified_gmt":"2024-07-14T18:11:53","slug":"26-2","status":"publish","type":"page","link":"https:\/\/monteur-ferienwohnung-recklinghausen.de\/","title":{"rendered":"Startseite"},"content":{"rendered":"<p><em><strong>Wir freuen uns auf G\u00e4ste<\/strong><\/em><\/p>\n<p>Es handelt sich um ein 2-Zimmer Nichtraucher-Apartment, ca. 30 m\u00b2 f\u00fcr 1 bis 2\u00a0 Personen, mit einem Einzelbett und einer 2-Personen- Schlafcouch, LED-TV mit Kabelanschluss.<\/p>\n<p>Die K\u00fcche verf\u00fcgt neben einer Essecke \u00fcber eine kleine K\u00fcchenzeile mit 2 Induktionskochfeldern, Backofen, Wasserkocher und Kaffeemaschine.<\/p>\n<p>Das Bad ist mit einer gro\u00dfz\u00fcgigen Dusche ausgestattet.<\/p>\n<p>Das zweite Apartment ist eine 2,5-Zimmer Nichtraucher-Wohnung, ca. 42m\u00b2 f\u00fcr 1 bis 2 Personen mit einem 1,40m gro\u00dfem Bett, LED-TV mit Kabelanschluss.<\/p>\n<p>Das Apartment verf\u00fcgt \u00fcber eine vollausgestattete K\u00fcche mit Elektroherd, 4-Kochfelder-Ceranfeld und eine K\u00fchl-Gefrierkombination.<\/p>\n<p>Das Badezimmer ist modern eingerichtet und verf\u00fcgt \u00fcber eine gro\u00dfz\u00fcgige Duschbadewanne und eine Waschmaschine.<\/p>\n<p>WLAN steht kostenlos zur Verf\u00fcgung. Parken k\u00f6nnen Sie direkt vor dem Haus.<\/p>\n<p>Die ruhige Unterkunft befindet sich im Ortsteil Hochlar in der N\u00e4he der Autobahn A43 und ist von den Zentren Herten und Recklinghausen ca. 3 km entfernt.<\/p>\n<p>Von unserer Unterkunft fahren Sie mit Pkw oder Bus in nur wenigen Minuten bis zur Innenstadt.\u00a0 Einkaufsm\u00f6glichkeiten wie B\u00e4ckereien, Metzger, Apotheken, Schnellimbisse und Restaurants sind auch zu Fu\u00df schnell erreicht.<\/p>\n<p>Sie k\u00f6nnen von uns aus \u00fcber die Stra\u00dfe gehen und gelangen auf einen Fu\u00dfweg, der direkt auf die als Spazier- und Fahrradweg ausgebaute ehemalige Eisenbahntrasse f\u00fchrt, durch den Ortsteil Stuckenbusch\/Katzenbusch bis zur Halde Hoheward.<\/p>\n","protected":false},"excerpt":{"rendered":"<p>Wir freuen uns auf G\u00e4ste Es handelt sich um ein 2-Zimmer Nichtraucher-Apartment, ca. 30 m\u00b2 f\u00fcr 1 bis 2\u00a0 Personen, mit einem Einzelbett und einer 2-Personen- Schlafcouch, LED-TV mit Kabelanschluss. Die K\u00fcche verf\u00fcgt neben einer Essecke \u00fcber eine kleine K\u00fcchenzeile mit 2 Induktionskochfeldern, Backofen, Wasserkocher und Kaffeemaschine. Das Bad ist mit einer gro\u00dfz\u00fcgigen Dusche ausgestattet. &hellip; <\/p>\n<p class=\"link-more\"><a href=\"https:\/\/monteur-ferienwohnung-recklinghausen.de\/\" class=\"more-link\"><span class=\"screen-reader-text\">\u201eStartseite\u201c <\/span>weiterlesen<\/a><\/p>\n","protected":false},"author":1,"featured_media":0,"parent":0,"menu_order":0,"comment_status":"closed","ping_status":"closed","template":"","meta":{"footnotes":""},"class_list":["post-26","page","type-page","status-publish","hentry"],"_links":{"self":[{"href":"https:\/\/monteur-ferienwohnung-recklinghausen.de\/index.php?rest_route=\/wp\/v2\/pages\/26","targetHints":{"allow":["GET"]}}],"collection":[{"href":"https:\/\/monteur-ferienwohnung-recklinghausen.de\/index.php?rest_route=\/wp\/v2\/pages"}],"about":[{"href":"https:\/\/monteur-ferienwohnung-recklinghausen.de\/index.php?rest_route=\/wp\/v2\/types\/page"}],"author":[{"embeddable":true,"href":"https:\/\/monteur-ferienwohnung-recklinghausen.de\/index.php?rest_route=\/wp\/v2\/users\/1"}],"replies":[{"embeddable":true,"href":"https:\/\/monteur-ferienwohnung-recklinghausen.de\/index.php?rest_route=%2Fwp%2Fv2%2Fcomments&post=26"}],"version-history":[{"count":29,"href":"https:\/\/monteur-ferienwohnung-recklinghausen.de\/index.php?rest_route=\/wp\/v2\/pages\/26\/revisions"}],"predecessor-version":[{"id":234,"href":"https:\/\/monteur-ferienwohnung-recklinghausen.de\/index.php?rest_route=\/wp\/v2\/pages\/26\/revisions\/234"}],"wp:attachment":[{"href":"https:\/\/monteur-ferienwohnung-recklinghausen.de\/index.php?rest_route=%2Fwp%2Fv2%2Fmedia&parent=26"}],"curies":[{"name":"wp","href":"https:\/\/api.w.org\/{rel}","templated":true}]}}