{"id":57,"date":"2017-03-24T15:50:27","date_gmt":"2017-03-24T15:50:27","guid":{"rendered":"http:\/\/monteur-ferienwohnung-recklinghausen.de\/?page_id=57"},"modified":"2024-07-14T18:07:26","modified_gmt":"2024-07-14T18:07:26","slug":"hier-ein-paar-eindruecke-der-wohnung","status":"publish","type":"page","link":"https:\/\/monteur-ferienwohnung-recklinghausen.de\/?page_id=57","title":{"rendered":"Bildergalerie"},"content":{"rendered":"\n<p>Es handelt sich um ein 2-Zimmer Nichtraucher-Apartment, ca. 30 m\u00b2 f\u00fcr 1 bis 2\u00a0 Personen, mit einem Einzelbett und einer 2-Personen- Schlafcouch, LED-TV mit Kabelanschluss.<\/p>\n\n\n\n<p>Die K\u00fcche verf\u00fcgt neben einer Essecke \u00fcber eine kleine K\u00fcchenzeile mit 2 Induktionskochfeldern, Backofen, Wasserkocher und Kaffeemaschine.<\/p>\n\n\n\n<p>Das Bad ist mit einer gro\u00dfz\u00fcgigen Dusche ausgestattet.<\/p>\n\n\n\n<figure class=\"wp-block-gallery has-nested-images columns-3 is-cropped wp-block-gallery-1 is-layout-flex wp-block-gallery-is-layout-flex\">\n<figure class=\"wp-block-image size-large\"><img loading=\"lazy\" decoding=\"async\" width=\"1024\" height=\"768\" data-id=\"189\" src=\"https:\/\/monteur-ferienwohnung-recklinghausen.de\/wp-content\/uploads\/2023\/05\/20180111_170424-1024x768.jpg\" alt=\"\" class=\"wp-image-189\" srcset=\"https:\/\/monteur-ferienwohnung-recklinghausen.de\/wp-content\/uploads\/2023\/05\/20180111_170424-1024x768.jpg 1024w, https:\/\/monteur-ferienwohnung-recklinghausen.de\/wp-content\/uploads\/2023\/05\/20180111_170424-300x225.jpg 300w, https:\/\/monteur-ferienwohnung-recklinghausen.de\/wp-content\/uploads\/2023\/05\/20180111_170424-768x576.jpg 768w, https:\/\/monteur-ferienwohnung-recklinghausen.de\/wp-content\/uploads\/2023\/05\/20180111_170424-1536x1152.jpg 1536w, https:\/\/monteur-ferienwohnung-recklinghausen.de\/wp-content\/uploads\/2023\/05\/20180111_170424-2048x1536.jpg 2048w\" sizes=\"auto, (max-width: 767px) 89vw, (max-width: 1000px) 54vw, (max-width: 1071px) 543px, 580px\" \/><figcaption class=\"wp-element-caption\">K\u00fcche<\/figcaption><\/figure>\n\n\n\n<figure class=\"wp-block-image size-large\"><img loading=\"lazy\" decoding=\"async\" width=\"1024\" height=\"768\" data-id=\"191\" src=\"https:\/\/monteur-ferienwohnung-recklinghausen.de\/wp-content\/uploads\/2023\/05\/20180112_161225-1024x768.jpg\" alt=\"\" class=\"wp-image-191\" srcset=\"https:\/\/monteur-ferienwohnung-recklinghausen.de\/wp-content\/uploads\/2023\/05\/20180112_161225-1024x768.jpg 1024w, https:\/\/monteur-ferienwohnung-recklinghausen.de\/wp-content\/uploads\/2023\/05\/20180112_161225-300x225.jpg 300w, https:\/\/monteur-ferienwohnung-recklinghausen.de\/wp-content\/uploads\/2023\/05\/20180112_161225-768x576.jpg 768w, https:\/\/monteur-ferienwohnung-recklinghausen.de\/wp-content\/uploads\/2023\/05\/20180112_161225-1536x1152.jpg 1536w, https:\/\/monteur-ferienwohnung-recklinghausen.de\/wp-content\/uploads\/2023\/05\/20180112_161225-2048x1536.jpg 2048w\" sizes=\"auto, (max-width: 767px) 89vw, (max-width: 1000px) 54vw, (max-width: 1071px) 543px, 580px\" \/><figcaption class=\"wp-element-caption\">Schlafen<\/figcaption><\/figure>\n\n\n\n<figure class=\"wp-block-image size-large\"><img loading=\"lazy\" decoding=\"async\" width=\"426\" height=\"296\" data-id=\"15\" src=\"https:\/\/monteur-ferienwohnung-recklinghausen.de\/wp-content\/uploads\/2017\/03\/Wohn-und-Schlafbereich.jpg\" alt=\"\" class=\"wp-image-15\" srcset=\"https:\/\/monteur-ferienwohnung-recklinghausen.de\/wp-content\/uploads\/2017\/03\/Wohn-und-Schlafbereich.jpg 426w, https:\/\/monteur-ferienwohnung-recklinghausen.de\/wp-content\/uploads\/2017\/03\/Wohn-und-Schlafbereich-300x208.jpg 300w\" sizes=\"auto, (max-width: 426px) 100vw, 426px\" \/><figcaption class=\"wp-element-caption\">Wohnen \/ Schlafen<\/figcaption><\/figure>\n\n\n\n<figure class=\"wp-block-image size-large\"><img loading=\"lazy\" decoding=\"async\" width=\"768\" height=\"1024\" data-id=\"190\" src=\"https:\/\/monteur-ferienwohnung-recklinghausen.de\/wp-content\/uploads\/2023\/05\/20180111_170441-768x1024.jpg\" alt=\"\" class=\"wp-image-190\" srcset=\"https:\/\/monteur-ferienwohnung-recklinghausen.de\/wp-content\/uploads\/2023\/05\/20180111_170441-768x1024.jpg 768w, https:\/\/monteur-ferienwohnung-recklinghausen.de\/wp-content\/uploads\/2023\/05\/20180111_170441-225x300.jpg 225w, https:\/\/monteur-ferienwohnung-recklinghausen.de\/wp-content\/uploads\/2023\/05\/20180111_170441-1152x1536.jpg 1152w, https:\/\/monteur-ferienwohnung-recklinghausen.de\/wp-content\/uploads\/2023\/05\/20180111_170441-1536x2048.jpg 1536w, https:\/\/monteur-ferienwohnung-recklinghausen.de\/wp-content\/uploads\/2023\/05\/20180111_170441-scaled.jpg 1920w\" sizes=\"auto, (max-width: 767px) 89vw, (max-width: 1000px) 54vw, (max-width: 1071px) 543px, 580px\" \/><figcaption class=\"wp-element-caption\">Bad<\/figcaption><\/figure>\n\n\n\n<figure class=\"wp-block-image size-large\"><img loading=\"lazy\" decoding=\"async\" width=\"768\" height=\"1024\" data-id=\"193\" src=\"https:\/\/monteur-ferienwohnung-recklinghausen.de\/wp-content\/uploads\/2023\/05\/20180112_161124-768x1024.jpg\" alt=\"\" class=\"wp-image-193\" srcset=\"https:\/\/monteur-ferienwohnung-recklinghausen.de\/wp-content\/uploads\/2023\/05\/20180112_161124-768x1024.jpg 768w, https:\/\/monteur-ferienwohnung-recklinghausen.de\/wp-content\/uploads\/2023\/05\/20180112_161124-225x300.jpg 225w, https:\/\/monteur-ferienwohnung-recklinghausen.de\/wp-content\/uploads\/2023\/05\/20180112_161124-1152x1536.jpg 1152w, https:\/\/monteur-ferienwohnung-recklinghausen.de\/wp-content\/uploads\/2023\/05\/20180112_161124-1536x2048.jpg 1536w, https:\/\/monteur-ferienwohnung-recklinghausen.de\/wp-content\/uploads\/2023\/05\/20180112_161124-scaled.jpg 1920w\" sizes=\"auto, (max-width: 767px) 89vw, (max-width: 1000px) 54vw, (max-width: 1071px) 543px, 580px\" \/><figcaption class=\"wp-element-caption\">Dusche<\/figcaption><\/figure>\n<\/figure>\n\n\n\n<p class=\"has-text-align-left\">&nbsp;<\/p>\n","protected":false},"excerpt":{"rendered":"<p>Es handelt sich um ein 2-Zimmer Nichtraucher-Apartment, ca. 30 m\u00b2 f\u00fcr 1 bis 2\u00a0 Personen, mit einem Einzelbett und einer 2-Personen- Schlafcouch, LED-TV mit Kabelanschluss. Die K\u00fcche verf\u00fcgt neben einer Essecke \u00fcber eine kleine K\u00fcchenzeile mit 2 Induktionskochfeldern, Backofen, Wasserkocher und Kaffeemaschine. Das Bad ist mit einer gro\u00dfz\u00fcgigen Dusche ausgestattet. &nbsp;<\/p>\n","protected":false},"author":1,"featured_media":0,"parent":0,"menu_order":0,"comment_status":"closed","ping_status":"closed","template":"","meta":{"footnotes":""},"class_list":["post-57","page","type-page","status-publish","hentry"],"_links":{"self":[{"href":"https:\/\/monteur-ferienwohnung-recklinghausen.de\/index.php?rest_route=\/wp\/v2\/pages\/57","targetHints":{"allow":["GET"]}}],"collection":[{"href":"https:\/\/monteur-ferienwohnung-recklinghausen.de\/index.php?rest_route=\/wp\/v2\/pages"}],"about":[{"href":"https:\/\/monteur-ferienwohnung-recklinghausen.de\/index.php?rest_route=\/wp\/v2\/types\/page"}],"author":[{"embeddable":true,"href":"https:\/\/monteur-ferienwohnung-recklinghausen.de\/index.php?rest_route=\/wp\/v2\/users\/1"}],"replies":[{"embeddable":true,"href":"https:\/\/monteur-ferienwohnung-recklinghausen.de\/index.php?rest_route=%2Fwp%2Fv2%2Fcomments&post=57"}],"version-history":[{"count":5,"href":"https:\/\/monteur-ferienwohnung-recklinghausen.de\/index.php?rest_route=\/wp\/v2\/pages\/57\/revisions"}],"predecessor-version":[{"id":231,"href":"https:\/\/monteur-ferienwohnung-recklinghausen.de\/index.php?rest_route=\/wp\/v2\/pages\/57\/revisions\/231"}],"wp:attachment":[{"href":"https:\/\/monteur-ferienwohnung-recklinghausen.de\/index.php?rest_route=%2Fwp%2Fv2%2Fmedia&parent=57"}],"curies":[{"name":"wp","href":"https:\/\/api.w.org\/{rel}","templated":true}]}}